{"id":2688,"date":"2026-02-26T02:18:12","date_gmt":"2026-02-26T02:18:12","guid":{"rendered":"https:\/\/solutionplus1.com\/?post_type=product&#038;p=2688"},"modified":"2026-02-26T02:18:13","modified_gmt":"2026-02-26T02:18:13","slug":"lwil-fenugrec-ak-siro-bel-ko-bel-dash","status":"publish","type":"product","link":"https:\/\/solutionplus1.com\/fr\/tienda\/lwil-fenugrec-ak-siro-bel-ko-bel-dash\/","title":{"rendered":"Lwil Fenugrec Ak siro B\u00e8l k\u00f2 b\u00e8l dash"},"content":{"rendered":"<p>Yon Mini kit pou grosi Dash Ou, Ou pa bezwen Bat k\u00f2w s\u00e8lman Pran yo epi tann rezilta, pa bliye SOLUTIONPLUS se Solusyon an<\/p>","protected":false},"excerpt":{"rendered":"<p>Yon Mini kit pou grosi Dash Ou, Ou pa bezwen Bat k\u00f2w s\u00e8lman Pran yo epi tann rezilta, pa bliye SOLUTIONPLUS se Solusyon an<\/p>","protected":false},"featured_media":2690,"template":"","meta":[],"product_brand":[],"product_cat":[49,50],"product_tag":[],"class_list":{"0":"post-2688","1":"product","2":"type-product","3":"status-publish","4":"has-post-thumbnail","6":"product_cat-big-ass-2","7":"product_cat-nice-phisique","9":"first","10":"instock","11":"sale","12":"shipping-taxable","13":"purchasable","14":"product-type-simple"},"aioseo_notices":[],"_links":{"self":[{"href":"https:\/\/solutionplus1.com\/fr\/wp-json\/wp\/v2\/product\/2688","targetHints":{"allow":["GET"]}}],"collection":[{"href":"https:\/\/solutionplus1.com\/fr\/wp-json\/wp\/v2\/product"}],"about":[{"href":"https:\/\/solutionplus1.com\/fr\/wp-json\/wp\/v2\/types\/product"}],"wp:featuredmedia":[{"embeddable":true,"href":"https:\/\/solutionplus1.com\/fr\/wp-json\/wp\/v2\/media\/2690"}],"wp:attachment":[{"href":"https:\/\/solutionplus1.com\/fr\/wp-json\/wp\/v2\/media?parent=2688"}],"wp:term":[{"taxonomy":"product_brand","embeddable":true,"href":"https:\/\/solutionplus1.com\/fr\/wp-json\/wp\/v2\/product_brand?post=2688"},{"taxonomy":"product_cat","embeddable":true,"href":"https:\/\/solutionplus1.com\/fr\/wp-json\/wp\/v2\/product_cat?post=2688"},{"taxonomy":"product_tag","embeddable":true,"href":"https:\/\/solutionplus1.com\/fr\/wp-json\/wp\/v2\/product_tag?post=2688"}],"curies":[{"name":"wp","href":"https:\/\/api.w.org\/{rel}","templated":true}]}}