{"id":2670,"date":"2025-03-15T20:45:35","date_gmt":"2025-03-15T20:45:35","guid":{"rendered":"https:\/\/solutionplus1.com\/?post_type=product&#038;p=2670"},"modified":"2025-04-27T07:28:49","modified_gmt":"2025-04-27T07:28:49","slug":"sirop-miracle-fenugrec-4oz","status":"publish","type":"product","link":"https:\/\/solutionplus1.com\/fr\/tienda\/sirop-miracle-fenugrec-4oz\/","title":{"rendered":"Sirop Miracle Fenugrec 4oz"},"content":{"rendered":"","protected":false},"excerpt":{"rendered":"<p>Sirop Miracle Fenugrer se Yon prodwi En\u00e8ji afriken ki f\u00e8t ak Grenn Fenugrec kap f\u00e8w gwosi nan 2 sem\u00e8n, ou ka jwenn kit la konpl\u00e8 sou sit la pou gwosi epi gen b\u00e8l dach<\/p>","protected":false},"featured_media":2662,"template":"","meta":[],"product_brand":[],"product_cat":[49],"product_tag":[],"class_list":{"0":"post-2670","1":"product","2":"type-product","3":"status-publish","4":"has-post-thumbnail","6":"product_cat-big-ass-2","8":"first","9":"instock","10":"sale","11":"shipping-taxable","12":"purchasable","13":"product-type-simple"},"aioseo_notices":[],"_links":{"self":[{"href":"https:\/\/solutionplus1.com\/fr\/wp-json\/wp\/v2\/product\/2670","targetHints":{"allow":["GET"]}}],"collection":[{"href":"https:\/\/solutionplus1.com\/fr\/wp-json\/wp\/v2\/product"}],"about":[{"href":"https:\/\/solutionplus1.com\/fr\/wp-json\/wp\/v2\/types\/product"}],"wp:featuredmedia":[{"embeddable":true,"href":"https:\/\/solutionplus1.com\/fr\/wp-json\/wp\/v2\/media\/2662"}],"wp:attachment":[{"href":"https:\/\/solutionplus1.com\/fr\/wp-json\/wp\/v2\/media?parent=2670"}],"wp:term":[{"taxonomy":"product_brand","embeddable":true,"href":"https:\/\/solutionplus1.com\/fr\/wp-json\/wp\/v2\/product_brand?post=2670"},{"taxonomy":"product_cat","embeddable":true,"href":"https:\/\/solutionplus1.com\/fr\/wp-json\/wp\/v2\/product_cat?post=2670"},{"taxonomy":"product_tag","embeddable":true,"href":"https:\/\/solutionplus1.com\/fr\/wp-json\/wp\/v2\/product_tag?post=2670"}],"curies":[{"name":"wp","href":"https:\/\/api.w.org\/{rel}","templated":true}]}}