{"id":2618,"date":"2025-01-30T17:02:01","date_gmt":"2025-01-30T17:02:01","guid":{"rendered":"https:\/\/solutionplus1.com\/?post_type=product&#038;p=2618"},"modified":"2025-04-27T07:36:11","modified_gmt":"2025-04-27T07:36:11","slug":"tikit-bel-ko","status":"publish","type":"product","link":"https:\/\/solutionplus1.com\/fr\/tienda\/tikit-bel-ko\/","title":{"rendered":"TiKit b\u00e8l K\u00f2"},"content":{"rendered":"","protected":false},"excerpt":{"rendered":"<p>TiKit b\u00e8l K\u00f2 Se Yon Kit Kap baw b\u00e8l K\u00f2 San Ou pa depanse Anpil Lajan, PA bliye nou se Solutionplus Referans nan bon Prodwi Pou Gwosi Dach, Gwosi K\u00f2 Epi Bay B\u00e8l Po<\/p>","protected":false},"featured_media":2600,"template":"","meta":[],"product_brand":[],"product_cat":[50],"product_tag":[],"class_list":{"0":"post-2618","1":"product","2":"type-product","3":"status-publish","4":"has-post-thumbnail","6":"product_cat-nice-phisique","8":"first","9":"instock","10":"sale","11":"shipping-taxable","12":"purchasable","13":"product-type-simple"},"aioseo_notices":[],"_links":{"self":[{"href":"https:\/\/solutionplus1.com\/fr\/wp-json\/wp\/v2\/product\/2618","targetHints":{"allow":["GET"]}}],"collection":[{"href":"https:\/\/solutionplus1.com\/fr\/wp-json\/wp\/v2\/product"}],"about":[{"href":"https:\/\/solutionplus1.com\/fr\/wp-json\/wp\/v2\/types\/product"}],"wp:featuredmedia":[{"embeddable":true,"href":"https:\/\/solutionplus1.com\/fr\/wp-json\/wp\/v2\/media\/2600"}],"wp:attachment":[{"href":"https:\/\/solutionplus1.com\/fr\/wp-json\/wp\/v2\/media?parent=2618"}],"wp:term":[{"taxonomy":"product_brand","embeddable":true,"href":"https:\/\/solutionplus1.com\/fr\/wp-json\/wp\/v2\/product_brand?post=2618"},{"taxonomy":"product_cat","embeddable":true,"href":"https:\/\/solutionplus1.com\/fr\/wp-json\/wp\/v2\/product_cat?post=2618"},{"taxonomy":"product_tag","embeddable":true,"href":"https:\/\/solutionplus1.com\/fr\/wp-json\/wp\/v2\/product_tag?post=2618"}],"curies":[{"name":"wp","href":"https:\/\/api.w.org\/{rel}","templated":true}]}}