{"id":2617,"date":"2025-01-30T17:02:01","date_gmt":"2025-01-30T17:02:01","guid":{"rendered":"https:\/\/solutionplus1.com\/?post_type=product&#038;p=2617"},"modified":"2025-04-27T07:35:44","modified_gmt":"2025-04-27T07:35:44","slug":"krem-solutionrapid","status":"publish","type":"product","link":"https:\/\/solutionplus1.com\/fr\/tienda\/krem-solutionrapid\/","title":{"rendered":"Kr\u00e8m Solutionrapid"},"content":{"rendered":"","protected":false},"excerpt":{"rendered":"<p>Kr\u00e8m Solutionrapid Pou f\u00e8 Pow b\u00e8l, Yon kit Kap kenbe Pow fre,kap ekl\u00e8si Pow Nan Yon ti Tan tou kout. PA bliye nou se Solutionplus Referans nan bon Prodwi Pou Gwosi Dach, Gwosi Ko Epi Bay B\u00e8l Po<\/p>","protected":false},"featured_media":2599,"template":"","meta":[],"product_brand":[],"product_cat":[24],"product_tag":[],"class_list":{"0":"post-2617","1":"product","2":"type-product","3":"status-publish","4":"has-post-thumbnail","6":"product_cat-face-cream","8":"first","9":"instock","10":"sale","11":"shipping-taxable","12":"purchasable","13":"product-type-simple"},"aioseo_notices":[],"_links":{"self":[{"href":"https:\/\/solutionplus1.com\/fr\/wp-json\/wp\/v2\/product\/2617","targetHints":{"allow":["GET"]}}],"collection":[{"href":"https:\/\/solutionplus1.com\/fr\/wp-json\/wp\/v2\/product"}],"about":[{"href":"https:\/\/solutionplus1.com\/fr\/wp-json\/wp\/v2\/types\/product"}],"wp:featuredmedia":[{"embeddable":true,"href":"https:\/\/solutionplus1.com\/fr\/wp-json\/wp\/v2\/media\/2599"}],"wp:attachment":[{"href":"https:\/\/solutionplus1.com\/fr\/wp-json\/wp\/v2\/media?parent=2617"}],"wp:term":[{"taxonomy":"product_brand","embeddable":true,"href":"https:\/\/solutionplus1.com\/fr\/wp-json\/wp\/v2\/product_brand?post=2617"},{"taxonomy":"product_cat","embeddable":true,"href":"https:\/\/solutionplus1.com\/fr\/wp-json\/wp\/v2\/product_cat?post=2617"},{"taxonomy":"product_tag","embeddable":true,"href":"https:\/\/solutionplus1.com\/fr\/wp-json\/wp\/v2\/product_tag?post=2617"}],"curies":[{"name":"wp","href":"https:\/\/api.w.org\/{rel}","templated":true}]}}