{"id":2011,"date":"2024-12-02T01:51:48","date_gmt":"2024-12-02T01:51:48","guid":{"rendered":"https:\/\/solutionplus1.com\/?post_type=product&#038;p=2011"},"modified":"2025-04-27T07:37:41","modified_gmt":"2025-04-27T07:37:41","slug":"kit-bel-dach-piti","status":"publish","type":"product","link":"https:\/\/solutionplus1.com\/fr\/tienda\/kit-bel-dach-piti\/","title":{"rendered":"Kit B\u00e8l Dach(Peque\u00f1o)"},"content":{"rendered":"","protected":false},"excerpt":{"rendered":"<p>Yon TiKit B\u00e8l Dach Pou Pa Ezite Achte, Li Se Yon Kit Kap baw b\u00e8l K\u00f2m ak B\u00e8l Dach San Ou pa depanse Anpil Lajan, PA bliye nou se Solutionplus Referans nan bon Prodwi Pou Gwosi Dach, Gwosi K\u00f2 Epi Bay B\u00e8l Po<\/p>","protected":false},"featured_media":2008,"template":"","meta":[],"product_brand":[],"product_cat":[48],"product_tag":[],"class_list":{"0":"post-2011","1":"product","2":"type-product","3":"status-publish","4":"has-post-thumbnail","6":"product_cat-big-ass","8":"first","9":"instock","10":"sale","11":"shipping-taxable","12":"purchasable","13":"product-type-simple"},"aioseo_notices":[],"_links":{"self":[{"href":"https:\/\/solutionplus1.com\/fr\/wp-json\/wp\/v2\/product\/2011","targetHints":{"allow":["GET"]}}],"collection":[{"href":"https:\/\/solutionplus1.com\/fr\/wp-json\/wp\/v2\/product"}],"about":[{"href":"https:\/\/solutionplus1.com\/fr\/wp-json\/wp\/v2\/types\/product"}],"wp:featuredmedia":[{"embeddable":true,"href":"https:\/\/solutionplus1.com\/fr\/wp-json\/wp\/v2\/media\/2008"}],"wp:attachment":[{"href":"https:\/\/solutionplus1.com\/fr\/wp-json\/wp\/v2\/media?parent=2011"}],"wp:term":[{"taxonomy":"product_brand","embeddable":true,"href":"https:\/\/solutionplus1.com\/fr\/wp-json\/wp\/v2\/product_brand?post=2011"},{"taxonomy":"product_cat","embeddable":true,"href":"https:\/\/solutionplus1.com\/fr\/wp-json\/wp\/v2\/product_cat?post=2011"},{"taxonomy":"product_tag","embeddable":true,"href":"https:\/\/solutionplus1.com\/fr\/wp-json\/wp\/v2\/product_tag?post=2011"}],"curies":[{"name":"wp","href":"https:\/\/api.w.org\/{rel}","templated":true}]}}