{"id":2687,"date":"2026-02-26T01:15:46","date_gmt":"2026-02-26T01:15:46","guid":{"rendered":"https:\/\/solutionplus1.com\/?post_type=product&#038;p=2687"},"modified":"2026-02-26T01:15:47","modified_gmt":"2026-02-26T01:15:47","slug":"kit-senp","status":"publish","type":"product","link":"https:\/\/solutionplus1.com\/en\/tienda\/kit-senp\/","title":{"rendered":"Kit Senp"},"content":{"rendered":"<p>Yon Mini kit pou k\u00f2manse grosi Dash Ou, Ou pa bezwen Bat k\u00f2w s\u00e8lman Pran yo epi tann rezilta, ak SOLUTIONPLUS ou pa bezwen Chiriji<\/p>","protected":false},"excerpt":{"rendered":"<p>Yon Mini kit pou k\u00f2manse grosi Dash Ou, Ou pa bezwen Bat k\u00f2w s\u00e8lman Pran yo epi tann rezilta, ak SOLUTIONPLUS ou pa bezwen Chiriji<\/p>","protected":false},"featured_media":2683,"template":"","meta":[],"product_brand":[],"product_cat":[15],"product_tag":[],"class_list":{"0":"post-2687","1":"product","2":"type-product","3":"status-publish","4":"has-post-thumbnail","6":"product_cat-uncategorized","8":"first","9":"instock","10":"sale","11":"shipping-taxable","12":"purchasable","13":"product-type-simple"},"aioseo_notices":[],"_links":{"self":[{"href":"https:\/\/solutionplus1.com\/en\/wp-json\/wp\/v2\/product\/2687","targetHints":{"allow":["GET"]}}],"collection":[{"href":"https:\/\/solutionplus1.com\/en\/wp-json\/wp\/v2\/product"}],"about":[{"href":"https:\/\/solutionplus1.com\/en\/wp-json\/wp\/v2\/types\/product"}],"wp:featuredmedia":[{"embeddable":true,"href":"https:\/\/solutionplus1.com\/en\/wp-json\/wp\/v2\/media\/2683"}],"wp:attachment":[{"href":"https:\/\/solutionplus1.com\/en\/wp-json\/wp\/v2\/media?parent=2687"}],"wp:term":[{"taxonomy":"product_brand","embeddable":true,"href":"https:\/\/solutionplus1.com\/en\/wp-json\/wp\/v2\/product_brand?post=2687"},{"taxonomy":"product_cat","embeddable":true,"href":"https:\/\/solutionplus1.com\/en\/wp-json\/wp\/v2\/product_cat?post=2687"},{"taxonomy":"product_tag","embeddable":true,"href":"https:\/\/solutionplus1.com\/en\/wp-json\/wp\/v2\/product_tag?post=2687"}],"curies":[{"name":"wp","href":"https:\/\/api.w.org\/{rel}","templated":true}]}}