{"id":2659,"date":"2025-03-15T20:16:12","date_gmt":"2025-03-15T20:16:12","guid":{"rendered":"https:\/\/solutionplus1.com\/?post_type=product&#038;p=2659"},"modified":"2025-04-27T07:30:33","modified_gmt":"2025-04-27T07:30:33","slug":"chupa-panza","status":"publish","type":"product","link":"https:\/\/solutionplus1.com\/en\/tienda\/chupa-panza\/","title":{"rendered":"Chupa Panza"},"content":{"rendered":"","protected":false},"excerpt":{"rendered":"<p>Yon Prodwi de Premye Klas Pou P\u00e8di Pwa, Si Ou santi Ou two Gwo, Ou bezwen desann nan gwos\u00e8w achte Chupa panza a wa banm nouv\u00e8l<\/p>","protected":false},"featured_media":2665,"template":"","meta":[],"product_brand":[],"product_cat":[50],"product_tag":[],"class_list":{"0":"post-2659","1":"product","2":"type-product","3":"status-publish","4":"has-post-thumbnail","6":"product_cat-nice-phisique","8":"first","9":"instock","10":"sale","11":"shipping-taxable","12":"purchasable","13":"product-type-simple"},"aioseo_notices":[],"_links":{"self":[{"href":"https:\/\/solutionplus1.com\/en\/wp-json\/wp\/v2\/product\/2659","targetHints":{"allow":["GET"]}}],"collection":[{"href":"https:\/\/solutionplus1.com\/en\/wp-json\/wp\/v2\/product"}],"about":[{"href":"https:\/\/solutionplus1.com\/en\/wp-json\/wp\/v2\/types\/product"}],"wp:featuredmedia":[{"embeddable":true,"href":"https:\/\/solutionplus1.com\/en\/wp-json\/wp\/v2\/media\/2665"}],"wp:attachment":[{"href":"https:\/\/solutionplus1.com\/en\/wp-json\/wp\/v2\/media?parent=2659"}],"wp:term":[{"taxonomy":"product_brand","embeddable":true,"href":"https:\/\/solutionplus1.com\/en\/wp-json\/wp\/v2\/product_brand?post=2659"},{"taxonomy":"product_cat","embeddable":true,"href":"https:\/\/solutionplus1.com\/en\/wp-json\/wp\/v2\/product_cat?post=2659"},{"taxonomy":"product_tag","embeddable":true,"href":"https:\/\/solutionplus1.com\/en\/wp-json\/wp\/v2\/product_tag?post=2659"}],"curies":[{"name":"wp","href":"https:\/\/api.w.org\/{rel}","templated":true}]}}