{"id":2623,"date":"2025-01-30T17:02:01","date_gmt":"2025-01-30T17:02:01","guid":{"rendered":"https:\/\/solutionplus1.com\/?post_type=product&#038;p=2623"},"modified":"2025-04-27T07:32:35","modified_gmt":"2025-04-27T07:32:35","slug":"kit-bel-ko-bel-dach-ak-proteyin-fenugrec","status":"publish","type":"product","link":"https:\/\/solutionplus1.com\/en\/tienda\/kit-bel-ko-bel-dach-ak-proteyin-fenugrec\/","title":{"rendered":"Kit b\u00e8l K\u00f2 B\u00e8l Dach Ak Proteyin Fenugrec"},"content":{"rendered":"","protected":false},"excerpt":{"rendered":"<p>Kit b\u00e8l K\u00f2 B\u00e8l Dach Se Yon Kit Kap baw b\u00e8l K\u00f2 ak B\u00e8l Dach San Ou pa depanse Anpil Lajan, PA bliye nou se Solutionplus Referans nan bon Prodwi Pou Gwosi Dach<\/p>","protected":false},"featured_media":2605,"template":"","meta":[],"product_brand":[],"product_cat":[49,25],"product_tag":[],"class_list":{"0":"post-2623","1":"product","2":"type-product","3":"status-publish","4":"has-post-thumbnail","6":"product_cat-big-ass-2","7":"product_cat-feminine-deodorants","9":"first","10":"instock","11":"sale","12":"shipping-taxable","13":"purchasable","14":"product-type-simple"},"aioseo_notices":[],"_links":{"self":[{"href":"https:\/\/solutionplus1.com\/en\/wp-json\/wp\/v2\/product\/2623","targetHints":{"allow":["GET"]}}],"collection":[{"href":"https:\/\/solutionplus1.com\/en\/wp-json\/wp\/v2\/product"}],"about":[{"href":"https:\/\/solutionplus1.com\/en\/wp-json\/wp\/v2\/types\/product"}],"wp:featuredmedia":[{"embeddable":true,"href":"https:\/\/solutionplus1.com\/en\/wp-json\/wp\/v2\/media\/2605"}],"wp:attachment":[{"href":"https:\/\/solutionplus1.com\/en\/wp-json\/wp\/v2\/media?parent=2623"}],"wp:term":[{"taxonomy":"product_brand","embeddable":true,"href":"https:\/\/solutionplus1.com\/en\/wp-json\/wp\/v2\/product_brand?post=2623"},{"taxonomy":"product_cat","embeddable":true,"href":"https:\/\/solutionplus1.com\/en\/wp-json\/wp\/v2\/product_cat?post=2623"},{"taxonomy":"product_tag","embeddable":true,"href":"https:\/\/solutionplus1.com\/en\/wp-json\/wp\/v2\/product_tag?post=2623"}],"curies":[{"name":"wp","href":"https:\/\/api.w.org\/{rel}","templated":true}]}}