{"id":2622,"date":"2025-01-30T17:02:01","date_gmt":"2025-01-30T17:02:01","guid":{"rendered":"https:\/\/solutionplus1.com\/?post_type=product&#038;p=2622"},"modified":"2025-04-27T07:33:20","modified_gmt":"2025-04-27T07:33:20","slug":"kit-bel-ko-bel-dach-ak-extra-vit","status":"publish","type":"product","link":"https:\/\/solutionplus1.com\/en\/tienda\/kit-bel-ko-bel-dach-ak-extra-vit\/","title":{"rendered":"Kit b\u00e8l K\u00f2 B\u00e8l Dach Ak Extra vit"},"content":{"rendered":"","protected":false},"excerpt":{"rendered":"<p>Kit b\u00e8l K\u00f2 B\u00e8l Dach Se Yon Kit Kap baw b\u00e8l K\u00f2 ak B\u00e8l Dach San Ou pa depanse Anpil Lajan, PA bliye nou se Solutionplus Referans nan bon Prodwi Pou Gwosi Dach, Gwosi K\u00f2 Epi Bay B\u00e8l Po<\/p>","protected":false},"featured_media":2604,"template":"","meta":[],"product_brand":[],"product_cat":[49],"product_tag":[],"class_list":{"0":"post-2622","1":"product","2":"type-product","3":"status-publish","4":"has-post-thumbnail","6":"product_cat-big-ass-2","8":"first","9":"instock","10":"sale","11":"shipping-taxable","12":"purchasable","13":"product-type-simple"},"aioseo_notices":[],"_links":{"self":[{"href":"https:\/\/solutionplus1.com\/en\/wp-json\/wp\/v2\/product\/2622","targetHints":{"allow":["GET"]}}],"collection":[{"href":"https:\/\/solutionplus1.com\/en\/wp-json\/wp\/v2\/product"}],"about":[{"href":"https:\/\/solutionplus1.com\/en\/wp-json\/wp\/v2\/types\/product"}],"wp:featuredmedia":[{"embeddable":true,"href":"https:\/\/solutionplus1.com\/en\/wp-json\/wp\/v2\/media\/2604"}],"wp:attachment":[{"href":"https:\/\/solutionplus1.com\/en\/wp-json\/wp\/v2\/media?parent=2622"}],"wp:term":[{"taxonomy":"product_brand","embeddable":true,"href":"https:\/\/solutionplus1.com\/en\/wp-json\/wp\/v2\/product_brand?post=2622"},{"taxonomy":"product_cat","embeddable":true,"href":"https:\/\/solutionplus1.com\/en\/wp-json\/wp\/v2\/product_cat?post=2622"},{"taxonomy":"product_tag","embeddable":true,"href":"https:\/\/solutionplus1.com\/en\/wp-json\/wp\/v2\/product_tag?post=2622"}],"curies":[{"name":"wp","href":"https:\/\/api.w.org\/{rel}","templated":true}]}}