{"id":2616,"date":"2025-01-30T17:02:01","date_gmt":"2025-01-30T17:02:01","guid":{"rendered":"https:\/\/solutionplus1.com\/?post_type=product&#038;p=2616"},"modified":"2025-04-27T07:35:11","modified_gmt":"2025-04-27T07:35:11","slug":"kit-bel-po-anti-vergetures","status":"publish","type":"product","link":"https:\/\/solutionplus1.com\/en\/tienda\/kit-bel-po-anti-vergetures\/","title":{"rendered":"Kit b\u00e8l Po, Anti-Vergetures"},"content":{"rendered":"","protected":false},"excerpt":{"rendered":"<p>2 Prodwi Efikas kont V\u00e8jeti, Yon kit Kap kenbe Pow fre,kap ekl\u00e8si Pow Epi retire tout v\u00e8jeti Nan Yon ti Tan tou kout. PA bliye nou se Solutionplus Referans nan bon Prodwi Pou Gwosi Dach, Gwosi Ko Epi Bay B\u00e8l Po<\/p>","protected":false},"featured_media":2598,"template":"","meta":[],"product_brand":[],"product_cat":[22,24],"product_tag":[],"class_list":{"0":"post-2616","1":"product","2":"type-product","3":"status-publish","4":"has-post-thumbnail","6":"product_cat-anti-aging-cream","7":"product_cat-face-cream","9":"first","10":"instock","11":"sale","12":"shipping-taxable","13":"purchasable","14":"product-type-simple"},"aioseo_notices":[],"_links":{"self":[{"href":"https:\/\/solutionplus1.com\/en\/wp-json\/wp\/v2\/product\/2616","targetHints":{"allow":["GET"]}}],"collection":[{"href":"https:\/\/solutionplus1.com\/en\/wp-json\/wp\/v2\/product"}],"about":[{"href":"https:\/\/solutionplus1.com\/en\/wp-json\/wp\/v2\/types\/product"}],"wp:featuredmedia":[{"embeddable":true,"href":"https:\/\/solutionplus1.com\/en\/wp-json\/wp\/v2\/media\/2598"}],"wp:attachment":[{"href":"https:\/\/solutionplus1.com\/en\/wp-json\/wp\/v2\/media?parent=2616"}],"wp:term":[{"taxonomy":"product_brand","embeddable":true,"href":"https:\/\/solutionplus1.com\/en\/wp-json\/wp\/v2\/product_brand?post=2616"},{"taxonomy":"product_cat","embeddable":true,"href":"https:\/\/solutionplus1.com\/en\/wp-json\/wp\/v2\/product_cat?post=2616"},{"taxonomy":"product_tag","embeddable":true,"href":"https:\/\/solutionplus1.com\/en\/wp-json\/wp\/v2\/product_tag?post=2616"}],"curies":[{"name":"wp","href":"https:\/\/api.w.org\/{rel}","templated":true}]}}