{"id":2000,"date":"2024-11-28T04:59:50","date_gmt":"2024-11-28T04:59:50","guid":{"rendered":"https:\/\/solutionplus1.com\/?post_type=product&#038;p=2000"},"modified":"2025-04-27T07:39:30","modified_gmt":"2025-04-27T07:39:30","slug":"bel-dash","status":"publish","type":"product","link":"https:\/\/solutionplus1.com\/en\/tienda\/bel-dash\/","title":{"rendered":"B\u00e8l B\u00e8l Dach Senp"},"content":{"rendered":"<p><img fetchpriority=\"high\" decoding=\"async\" class=\"alignnone size-medium wp-image-2001\" src=\"https:\/\/solutionplus1.com\/wp-content\/uploads\/2024\/11\/IMG_0427-300x168.jpg\" alt=\"\" width=\"300\" height=\"168\" srcset=\"https:\/\/solutionplus1.com\/wp-content\/uploads\/2024\/11\/IMG_0427-300x168.jpg 300w, https:\/\/solutionplus1.com\/wp-content\/uploads\/2024\/11\/IMG_0427-scaled-510x286.jpg 510w, https:\/\/solutionplus1.com\/wp-content\/uploads\/2024\/11\/IMG_0427-1024x575.jpg 1024w, https:\/\/solutionplus1.com\/wp-content\/uploads\/2024\/11\/IMG_0427-768x431.jpg 768w, https:\/\/solutionplus1.com\/wp-content\/uploads\/2024\/11\/IMG_0427-1536x862.jpg 1536w, https:\/\/solutionplus1.com\/wp-content\/uploads\/2024\/11\/IMG_0427-2048x1150.jpg 2048w\" sizes=\"(max-width: 300px) 100vw, 300px\" \/><\/p>","protected":false},"excerpt":{"rendered":"<p>Kit b\u00e8l K\u00f2 B\u00e8l Dach Se Yon Kit Kap baw b\u00e8l K\u00f2 ak\u00a0 B\u00e8l Dach San Ou pa depanse Anpil Lajan, PA bliye nou se Solutionplus Referans nan bon Prodwi Pou Gwosi Dach, Gwosi Boudaw sanw Pa depanse Milyon.<\/p>","protected":false},"featured_media":2001,"template":"","meta":[],"product_brand":[],"product_cat":[49],"product_tag":[],"class_list":{"0":"post-2000","1":"product","2":"type-product","3":"status-publish","4":"has-post-thumbnail","6":"product_cat-big-ass-2","8":"first","9":"instock","10":"sale","11":"shipping-taxable","12":"purchasable","13":"product-type-simple"},"aioseo_notices":[],"_links":{"self":[{"href":"https:\/\/solutionplus1.com\/en\/wp-json\/wp\/v2\/product\/2000","targetHints":{"allow":["GET"]}}],"collection":[{"href":"https:\/\/solutionplus1.com\/en\/wp-json\/wp\/v2\/product"}],"about":[{"href":"https:\/\/solutionplus1.com\/en\/wp-json\/wp\/v2\/types\/product"}],"wp:featuredmedia":[{"embeddable":true,"href":"https:\/\/solutionplus1.com\/en\/wp-json\/wp\/v2\/media\/2001"}],"wp:attachment":[{"href":"https:\/\/solutionplus1.com\/en\/wp-json\/wp\/v2\/media?parent=2000"}],"wp:term":[{"taxonomy":"product_brand","embeddable":true,"href":"https:\/\/solutionplus1.com\/en\/wp-json\/wp\/v2\/product_brand?post=2000"},{"taxonomy":"product_cat","embeddable":true,"href":"https:\/\/solutionplus1.com\/en\/wp-json\/wp\/v2\/product_cat?post=2000"},{"taxonomy":"product_tag","embeddable":true,"href":"https:\/\/solutionplus1.com\/en\/wp-json\/wp\/v2\/product_tag?post=2000"}],"curies":[{"name":"wp","href":"https:\/\/api.w.org\/{rel}","templated":true}]}}